{"id":183,"date":"2017-03-01T14:53:43","date_gmt":"2017-03-01T13:53:43","guid":{"rendered":"http:\/\/caucarre.com\/?page_id=183"},"modified":"2017-03-01T14:53:43","modified_gmt":"2017-03-01T13:53:43","slug":"mentions-legales","status":"publish","type":"page","link":"https:\/\/caucarre.com\/index.php\/mentions-legales\/","title":{"rendered":"Mentions l\u00e9gales"},"content":{"rendered":"<p class=\"p_page\">C AU CARR\u00c9<\/p>\n<p class=\"p_page\">Place de la R\u00e9publique, 29680 Roscoff<\/p>\n<p class=\"p_page\">H\u00e9bergeur : OVH \u2013 2 rue Kellermann \u2013 59100 Roubaix \u2013 France<\/p>\n<p class=\"p_page\">Directeur de la publication : Cathy &amp; Clara<\/p>\n<p class=\"p_page\">Webdesign \/ logo \/ identit\u00e9 graphique : <a href=\"http:\/\/kerbiriou-laurene.fr\/\" target=\"_blank\">kerbiriou-laurene.fr<\/a><\/p>\n<p class=\"p_page\">Illustrations : Camille Chauchat<\/p>\n<p class=\"p_page\">\nPhotos :<\/p>\n<p class=\"p_page\">La structure g\u00e9n\u00e9rale, ainsi que les textes, photos, images et sons composant ce site sont la propri\u00e9t\u00e9 de C au Carr\u00e9. Toute reproduction, totale ou partielle, et toute repr\u00e9sentation du contenu substantiel de ce site, d\u2019un ou de plusieurs de ses composants, par quelque proc\u00e9d\u00e9 que ce soit, sans autorisation expresse de C au Carr\u00e9, est interdite, et constitue une contrefa\u00e7on sanctionn\u00e9e par les articles L.335-2 et suivants du Code de la propri\u00e9t\u00e9 intellectuelle.<\/p>\n","protected":false},"excerpt":{"rendered":"<p>C AU CARR\u00c9 Place de la R\u00e9publique, 29680 Roscoff H\u00e9bergeur : OVH \u2013 2 rue Kellermann \u2013 59100 Roubaix \u2013 France Directeur de la publication : Cathy &amp; Clara Webdesign \/ logo \/ identit\u00e9 graphique : kerbiriou-laurene.fr Illustrations : Camille Chauchat Photos : La structure g\u00e9n\u00e9rale, ainsi que les textes, photos, images et sons composant<br \/><a class=\"moretag\" href=\"https:\/\/caucarre.com\/index.php\/mentions-legales\/\">+ Lire Plus<\/a><\/p>\n","protected":false},"author":1,"featured_media":0,"parent":0,"menu_order":0,"comment_status":"closed","ping_status":"closed","template":"","meta":[],"_links":{"self":[{"href":"https:\/\/caucarre.com\/index.php\/wp-json\/wp\/v2\/pages\/183"}],"collection":[{"href":"https:\/\/caucarre.com\/index.php\/wp-json\/wp\/v2\/pages"}],"about":[{"href":"https:\/\/caucarre.com\/index.php\/wp-json\/wp\/v2\/types\/page"}],"author":[{"embeddable":true,"href":"https:\/\/caucarre.com\/index.php\/wp-json\/wp\/v2\/users\/1"}],"replies":[{"embeddable":true,"href":"https:\/\/caucarre.com\/index.php\/wp-json\/wp\/v2\/comments?post=183"}],"version-history":[{"count":1,"href":"https:\/\/caucarre.com\/index.php\/wp-json\/wp\/v2\/pages\/183\/revisions"}],"predecessor-version":[{"id":184,"href":"https:\/\/caucarre.com\/index.php\/wp-json\/wp\/v2\/pages\/183\/revisions\/184"}],"wp:attachment":[{"href":"https:\/\/caucarre.com\/index.php\/wp-json\/wp\/v2\/media?parent=183"}],"curies":[{"name":"wp","href":"https:\/\/api.w.org\/{rel}","templated":true}]}}